{"id":960,"date":"2025-11-03T11:38:00","date_gmt":"2025-11-03T11:38:00","guid":{"rendered":"https:\/\/whatsapponay.com\/sosyal\/hesabim\/"},"modified":"2025-11-03T11:38:00","modified_gmt":"2025-11-03T11:38:00","slug":"hesabim","status":"publish","type":"page","link":"https:\/\/whatsapponay.com\/sosyal\/hesabim\/","title":{"rendered":"Hesab\u0131m"},"content":{"rendered":"<div class=\"woocommerce\"><\/div>\n","protected":false},"excerpt":{"rendered":"","protected":false},"author":1,"featured_media":0,"parent":0,"menu_order":0,"comment_status":"closed","ping_status":"closed","template":"","meta":{"footnotes":""},"class_list":["post-960","page","type-page","status-publish","hentry"],"yoast_head":"<!-- This site is optimized with the Yoast SEO plugin v26.0 - https:\/\/yoast.com\/wordpress\/plugins\/seo\/ -->\n<title>Hesab\u0131m - Whatsapp Onay - SMS Onay<\/title>\n<meta name=\"robots\" content=\"index, follow, max-snippet:-1, max-image-preview:large, max-video-preview:-1\" \/>\n<link rel=\"canonical\" href=\"https:\/\/whatsapponay.com\/sosyal\/hesabim\/\" \/>\n<meta property=\"og:locale\" content=\"tr_TR\" \/>\n<meta property=\"og:type\" content=\"article\" \/>\n<meta property=\"og:title\" content=\"Hesab\u0131m - Whatsapp Onay - SMS Onay\" \/>\n<meta property=\"og:url\" content=\"https:\/\/whatsapponay.com\/sosyal\/hesabim\/\" \/>\n<meta property=\"og:site_name\" content=\"Whatsapp Onay - SMS Onay\" \/>\n<meta name=\"twitter:card\" content=\"summary_large_image\" \/>\n<script type=\"application\/ld+json\" class=\"yoast-schema-graph\">{\"@context\":\"https:\/\/schema.org\",\"@graph\":[{\"@type\":\"WebPage\",\"@id\":\"https:\/\/whatsapponay.com\/sosyal\/hesabim\/\",\"url\":\"https:\/\/whatsapponay.com\/sosyal\/hesabim\/\",\"name\":\"Hesab\u0131m - Whatsapp Onay - SMS Onay\",\"isPartOf\":{\"@id\":\"https:\/\/whatsapponay.com\/sosyal\/#website\"},\"datePublished\":\"2025-11-03T11:38:00+00:00\",\"breadcrumb\":{\"@id\":\"https:\/\/whatsapponay.com\/sosyal\/hesabim\/#breadcrumb\"},\"inLanguage\":\"tr\",\"potentialAction\":[{\"@type\":\"ReadAction\",\"target\":[\"https:\/\/whatsapponay.com\/sosyal\/hesabim\/\"]}]},{\"@type\":\"BreadcrumbList\",\"@id\":\"https:\/\/whatsapponay.com\/sosyal\/hesabim\/#breadcrumb\",\"itemListElement\":[{\"@type\":\"ListItem\",\"position\":1,\"name\":\"Anasayfa\",\"item\":\"https:\/\/whatsapponay.com\/sosyal\/\"},{\"@type\":\"ListItem\",\"position\":2,\"name\":\"Hesab\u0131m\"}]},{\"@type\":\"WebSite\",\"@id\":\"https:\/\/whatsapponay.com\/sosyal\/#website\",\"url\":\"https:\/\/whatsapponay.com\/sosyal\/\",\"name\":\"Sosyal Medya Takip\u00e7i Be\u011feni \u0130zlenme\",\"description\":\"Whatsapp Telegram SMS onay numara kirala.\",\"publisher\":{\"@id\":\"https:\/\/whatsapponay.com\/sosyal\/#organization\"},\"potentialAction\":[{\"@type\":\"SearchAction\",\"target\":{\"@type\":\"EntryPoint\",\"urlTemplate\":\"https:\/\/whatsapponay.com\/sosyal\/?s={search_term_string}\"},\"query-input\":{\"@type\":\"PropertyValueSpecification\",\"valueRequired\":true,\"valueName\":\"search_term_string\"}}],\"inLanguage\":\"tr\"},{\"@type\":\"Organization\",\"@id\":\"https:\/\/whatsapponay.com\/sosyal\/#organization\",\"name\":\"\u00d6z Bayi\",\"url\":\"https:\/\/whatsapponay.com\/sosyal\/\",\"logo\":{\"@type\":\"ImageObject\",\"inLanguage\":\"tr\",\"@id\":\"https:\/\/whatsapponay.com\/sosyal\/#\/schema\/logo\/image\/\",\"url\":\"https:\/\/whatsapponay.com\/sosyal\/wp-content\/uploads\/2025\/09\/ozbayi-yazi-siyah-200x80-255598.png\",\"contentUrl\":\"https:\/\/whatsapponay.com\/sosyal\/wp-content\/uploads\/2025\/09\/ozbayi-yazi-siyah-200x80-255598.png\",\"width\":200,\"height\":80,\"caption\":\"\u00d6z Bayi\"},\"image\":{\"@id\":\"https:\/\/whatsapponay.com\/sosyal\/#\/schema\/logo\/image\/\"},\"sameAs\":[\"https:\/\/www.instagram.com\/ozbayi.official\/?hl=en\"]}]}<\/script>\n<!-- \/ Yoast SEO plugin. -->","yoast_head_json":{"title":"Hesab\u0131m - Whatsapp Onay - SMS Onay","robots":{"index":"index","follow":"follow","max-snippet":"max-snippet:-1","max-image-preview":"max-image-preview:large","max-video-preview":"max-video-preview:-1"},"canonical":"https:\/\/whatsapponay.com\/sosyal\/hesabim\/","og_locale":"tr_TR","og_type":"article","og_title":"Hesab\u0131m - Whatsapp Onay - SMS Onay","og_url":"https:\/\/whatsapponay.com\/sosyal\/hesabim\/","og_site_name":"Whatsapp Onay - SMS Onay","twitter_card":"summary_large_image","schema":{"@context":"https:\/\/schema.org","@graph":[{"@type":"WebPage","@id":"https:\/\/whatsapponay.com\/sosyal\/hesabim\/","url":"https:\/\/whatsapponay.com\/sosyal\/hesabim\/","name":"Hesab\u0131m - Whatsapp Onay - SMS Onay","isPartOf":{"@id":"https:\/\/whatsapponay.com\/sosyal\/#website"},"datePublished":"2025-11-03T11:38:00+00:00","breadcrumb":{"@id":"https:\/\/whatsapponay.com\/sosyal\/hesabim\/#breadcrumb"},"inLanguage":"tr","potentialAction":[{"@type":"ReadAction","target":["https:\/\/whatsapponay.com\/sosyal\/hesabim\/"]}]},{"@type":"BreadcrumbList","@id":"https:\/\/whatsapponay.com\/sosyal\/hesabim\/#breadcrumb","itemListElement":[{"@type":"ListItem","position":1,"name":"Anasayfa","item":"https:\/\/whatsapponay.com\/sosyal\/"},{"@type":"ListItem","position":2,"name":"Hesab\u0131m"}]},{"@type":"WebSite","@id":"https:\/\/whatsapponay.com\/sosyal\/#website","url":"https:\/\/whatsapponay.com\/sosyal\/","name":"Sosyal Medya Takip\u00e7i Be\u011feni \u0130zlenme","description":"Whatsapp Telegram SMS onay numara kirala.","publisher":{"@id":"https:\/\/whatsapponay.com\/sosyal\/#organization"},"potentialAction":[{"@type":"SearchAction","target":{"@type":"EntryPoint","urlTemplate":"https:\/\/whatsapponay.com\/sosyal\/?s={search_term_string}"},"query-input":{"@type":"PropertyValueSpecification","valueRequired":true,"valueName":"search_term_string"}}],"inLanguage":"tr"},{"@type":"Organization","@id":"https:\/\/whatsapponay.com\/sosyal\/#organization","name":"\u00d6z Bayi","url":"https:\/\/whatsapponay.com\/sosyal\/","logo":{"@type":"ImageObject","inLanguage":"tr","@id":"https:\/\/whatsapponay.com\/sosyal\/#\/schema\/logo\/image\/","url":"https:\/\/whatsapponay.com\/sosyal\/wp-content\/uploads\/2025\/09\/ozbayi-yazi-siyah-200x80-255598.png","contentUrl":"https:\/\/whatsapponay.com\/sosyal\/wp-content\/uploads\/2025\/09\/ozbayi-yazi-siyah-200x80-255598.png","width":200,"height":80,"caption":"\u00d6z Bayi"},"image":{"@id":"https:\/\/whatsapponay.com\/sosyal\/#\/schema\/logo\/image\/"},"sameAs":["https:\/\/www.instagram.com\/ozbayi.official\/?hl=en"]}]}},"_links":{"self":[{"href":"https:\/\/whatsapponay.com\/sosyal\/wp-json\/wp\/v2\/pages\/960","targetHints":{"allow":["GET"]}}],"collection":[{"href":"https:\/\/whatsapponay.com\/sosyal\/wp-json\/wp\/v2\/pages"}],"about":[{"href":"https:\/\/whatsapponay.com\/sosyal\/wp-json\/wp\/v2\/types\/page"}],"author":[{"embeddable":true,"href":"https:\/\/whatsapponay.com\/sosyal\/wp-json\/wp\/v2\/users\/1"}],"replies":[{"embeddable":true,"href":"https:\/\/whatsapponay.com\/sosyal\/wp-json\/wp\/v2\/comments?post=960"}],"version-history":[{"count":1,"href":"https:\/\/whatsapponay.com\/sosyal\/wp-json\/wp\/v2\/pages\/960\/revisions"}],"predecessor-version":[{"id":1072,"href":"https:\/\/whatsapponay.com\/sosyal\/wp-json\/wp\/v2\/pages\/960\/revisions\/1072"}],"wp:attachment":[{"href":"https:\/\/whatsapponay.com\/sosyal\/wp-json\/wp\/v2\/media?parent=960"}],"curies":[{"name":"wp","href":"https:\/\/api.w.org\/{rel}","templated":true}]}}