{"id":1047,"date":"2025-11-03T12:48:32","date_gmt":"2025-11-03T12:48:32","guid":{"rendered":"https:\/\/whatsapponay.com\/sosyal\/?page_id=1047"},"modified":"2025-11-03T12:48:32","modified_gmt":"2025-11-03T12:48:32","slug":"teslimat-bilgileri","status":"publish","type":"page","link":"https:\/\/whatsapponay.com\/sosyal\/teslimat-bilgileri\/","title":{"rendered":"Teslimat Bilgileri"},"content":{"rendered":"<p>Kredi kart\u0131 ile vermi\u015f oldu\u011funuz sipari\u015fleriniz banka taraf\u0131ndan kredi kart\u0131 \u00f6demesi onay bilgisi al\u0131nmas\u0131n\u0131 takip eden, banka havalesi ile vermi\u015f oldu\u011funuz sipari\u015fleriniz ise, \u00f6demenin hesab\u0131m\u0131za ge\u00e7mesi ile kesinle\u015fmi\u015f olup, en ge\u00e7 3 i\u015f g\u00fcn\u00fc i\u00e7erisinde kargoya verilir. Kargoya verilen \u00fcr\u00fcnlerin teslimat s\u00fcresi mesafeye ba\u011fl\u0131 olarak 1 ila 3 i\u015f g\u00fcn\u00fc i\u00e7erisinde de\u011fi\u015fmektedir. Sipari\u015finizdeki \u00fcr\u00fcn\/\u00fcr\u00fcnlerin tedarik s\u00fcresinin uzamas\u0131 yada tedarik edilememesi durumunda size tedarik zaman\u0131 konusunda bilgi verilecektir. Tedari\u011finde problem \u00e7\u0131kan \u00fcr\u00fcnlerde; \u00f6demenin iade edilmesi isteyebilir yada \u00fcr\u00fcn\u00fcn tedarik edilmesi i\u00e7in bekleyebilirsiniz.<\/p>\n<p>Cuma g\u00fcnleri saat 16:00\u2032 dan sonra verilen sipari\u015fleriniz, \u00f6deme bilgisinin onay\u0131n\u0131 takip eden pazartesi g\u00fcn\u00fc verilmi\u015f kabul edilir. Resmi tatil ve bayram g\u00fcnlerine rastlayan sipari\u015fleriniz \u00f6deme bilgisinin teyit edilmesi durumunda takip eden ilk i\u015f g\u00fcn\u00fc al\u0131nm\u0131\u015f kabul edilir.<\/p>\n<p>Kargo firmas\u0131ndan kaynaklanan aksakl\u0131klardan dolay\u0131 \u015firketimiz sorumlu de\u011fildir.<\/p>\n<p>Sipari\u015finizi haftasonu, tatil g\u00fcnleri veya saat 16.00\u2019dan sonra ger\u00e7ekle\u015ftirirseniz, kargonuz takiben ilk i\u015f g\u00fcn\u00fc i\u00e7erisinde anla\u015fmal\u0131 oldu\u011fumuz kargo firmas\u0131na teslim edilir.<\/p>\n","protected":false},"excerpt":{"rendered":"<p>Kredi kart\u0131 ile vermi\u015f oldu\u011funuz sipari\u015fleriniz banka taraf\u0131ndan kredi kart\u0131 \u00f6demesi onay bilgisi al\u0131nmas\u0131n\u0131 takip eden, banka havalesi ile vermi\u015f oldu\u011funuz sipari\u015fleriniz ise, \u00f6demenin hesab\u0131m\u0131za ge\u00e7mesi ile kesinle\u015fmi\u015f olup, en ge\u00e7 3 i\u015f g\u00fcn\u00fc i\u00e7erisinde kargoya verilir. Kargoya verilen \u00fcr\u00fcnlerin teslimat s\u00fcresi mesafeye ba\u011fl\u0131 olarak 1 ila 3 i\u015f g\u00fcn\u00fc i\u00e7erisinde de\u011fi\u015fmektedir. Sipari\u015finizdeki \u00fcr\u00fcn\/\u00fcr\u00fcnlerin tedarik s\u00fcresinin uzamas\u0131 yada tedarik edilememesi durumunda size tedarik zaman\u0131 konusunda bilgi verilecektir. Tedari\u011finde problem \u00e7\u0131kan \u00fcr\u00fcnlerde; \u00f6demenin iade edilmesi isteyebilir yada \u00fcr\u00fcn\u00fcn tedarik edilmesi i\u00e7in bekleyebilirsiniz. Cuma g\u00fcnleri saat 16:00\u2032 dan sonra verilen sipari\u015fleriniz, \u00f6deme bilgisinin onay\u0131n\u0131 takip eden pazartesi g\u00fcn\u00fc verilmi\u015f kabul edilir. Resmi <\/p>\n","protected":false},"author":1,"featured_media":0,"parent":0,"menu_order":0,"comment_status":"closed","ping_status":"closed","template":"","meta":{"footnotes":""},"class_list":["post-1047","page","type-page","status-publish","hentry"],"yoast_head":"<!-- This site is optimized with the Yoast SEO plugin v26.0 - https:\/\/yoast.com\/wordpress\/plugins\/seo\/ -->\n<title>Teslimat Bilgileri - Whatsapp Onay - SMS Onay<\/title>\n<meta name=\"robots\" content=\"index, follow, max-snippet:-1, max-image-preview:large, max-video-preview:-1\" \/>\n<link rel=\"canonical\" href=\"https:\/\/whatsapponay.com\/sosyal\/teslimat-bilgileri\/\" \/>\n<meta property=\"og:locale\" content=\"tr_TR\" \/>\n<meta property=\"og:type\" content=\"article\" \/>\n<meta property=\"og:title\" content=\"Teslimat Bilgileri - Whatsapp Onay - SMS Onay\" \/>\n<meta property=\"og:description\" content=\"Kredi kart\u0131 ile vermi\u015f oldu\u011funuz sipari\u015fleriniz banka taraf\u0131ndan kredi kart\u0131 \u00f6demesi onay bilgisi al\u0131nmas\u0131n\u0131 takip eden, banka havalesi ile vermi\u015f oldu\u011funuz sipari\u015fleriniz ise, \u00f6demenin hesab\u0131m\u0131za ge\u00e7mesi ile kesinle\u015fmi\u015f olup, en ge\u00e7 3 i\u015f g\u00fcn\u00fc i\u00e7erisinde kargoya verilir. Kargoya verilen \u00fcr\u00fcnlerin teslimat s\u00fcresi mesafeye ba\u011fl\u0131 olarak 1 ila 3 i\u015f g\u00fcn\u00fc i\u00e7erisinde de\u011fi\u015fmektedir. Sipari\u015finizdeki \u00fcr\u00fcn\/\u00fcr\u00fcnlerin tedarik s\u00fcresinin uzamas\u0131 yada tedarik edilememesi durumunda size tedarik zaman\u0131 konusunda bilgi verilecektir. Tedari\u011finde problem \u00e7\u0131kan \u00fcr\u00fcnlerde; \u00f6demenin iade edilmesi isteyebilir yada \u00fcr\u00fcn\u00fcn tedarik edilmesi i\u00e7in bekleyebilirsiniz. Cuma g\u00fcnleri saat 16:00\u2032 dan sonra verilen sipari\u015fleriniz, \u00f6deme bilgisinin onay\u0131n\u0131 takip eden pazartesi g\u00fcn\u00fc verilmi\u015f kabul edilir. Resmi\" \/>\n<meta property=\"og:url\" content=\"https:\/\/whatsapponay.com\/sosyal\/teslimat-bilgileri\/\" \/>\n<meta property=\"og:site_name\" content=\"Whatsapp Onay - SMS Onay\" \/>\n<meta name=\"twitter:card\" content=\"summary_large_image\" \/>\n<meta name=\"twitter:label1\" content=\"Tahmini okuma s\u00fcresi\" \/>\n\t<meta name=\"twitter:data1\" content=\"1 dakika\" \/>\n<script type=\"application\/ld+json\" class=\"yoast-schema-graph\">{\"@context\":\"https:\/\/schema.org\",\"@graph\":[{\"@type\":\"WebPage\",\"@id\":\"https:\/\/whatsapponay.com\/sosyal\/teslimat-bilgileri\/\",\"url\":\"https:\/\/whatsapponay.com\/sosyal\/teslimat-bilgileri\/\",\"name\":\"Teslimat Bilgileri - Whatsapp Onay - SMS Onay\",\"isPartOf\":{\"@id\":\"https:\/\/whatsapponay.com\/sosyal\/#website\"},\"datePublished\":\"2025-11-03T12:48:32+00:00\",\"breadcrumb\":{\"@id\":\"https:\/\/whatsapponay.com\/sosyal\/teslimat-bilgileri\/#breadcrumb\"},\"inLanguage\":\"tr\",\"potentialAction\":[{\"@type\":\"ReadAction\",\"target\":[\"https:\/\/whatsapponay.com\/sosyal\/teslimat-bilgileri\/\"]}]},{\"@type\":\"BreadcrumbList\",\"@id\":\"https:\/\/whatsapponay.com\/sosyal\/teslimat-bilgileri\/#breadcrumb\",\"itemListElement\":[{\"@type\":\"ListItem\",\"position\":1,\"name\":\"Anasayfa\",\"item\":\"https:\/\/whatsapponay.com\/sosyal\/\"},{\"@type\":\"ListItem\",\"position\":2,\"name\":\"Teslimat Bilgileri\"}]},{\"@type\":\"WebSite\",\"@id\":\"https:\/\/whatsapponay.com\/sosyal\/#website\",\"url\":\"https:\/\/whatsapponay.com\/sosyal\/\",\"name\":\"Sosyal Medya Takip\u00e7i Be\u011feni \u0130zlenme\",\"description\":\"Whatsapp Telegram SMS onay numara kirala.\",\"publisher\":{\"@id\":\"https:\/\/whatsapponay.com\/sosyal\/#organization\"},\"potentialAction\":[{\"@type\":\"SearchAction\",\"target\":{\"@type\":\"EntryPoint\",\"urlTemplate\":\"https:\/\/whatsapponay.com\/sosyal\/?s={search_term_string}\"},\"query-input\":{\"@type\":\"PropertyValueSpecification\",\"valueRequired\":true,\"valueName\":\"search_term_string\"}}],\"inLanguage\":\"tr\"},{\"@type\":\"Organization\",\"@id\":\"https:\/\/whatsapponay.com\/sosyal\/#organization\",\"name\":\"\u00d6z Bayi\",\"url\":\"https:\/\/whatsapponay.com\/sosyal\/\",\"logo\":{\"@type\":\"ImageObject\",\"inLanguage\":\"tr\",\"@id\":\"https:\/\/whatsapponay.com\/sosyal\/#\/schema\/logo\/image\/\",\"url\":\"https:\/\/whatsapponay.com\/sosyal\/wp-content\/uploads\/2025\/09\/ozbayi-yazi-siyah-200x80-255598.png\",\"contentUrl\":\"https:\/\/whatsapponay.com\/sosyal\/wp-content\/uploads\/2025\/09\/ozbayi-yazi-siyah-200x80-255598.png\",\"width\":200,\"height\":80,\"caption\":\"\u00d6z Bayi\"},\"image\":{\"@id\":\"https:\/\/whatsapponay.com\/sosyal\/#\/schema\/logo\/image\/\"},\"sameAs\":[\"https:\/\/www.instagram.com\/ozbayi.official\/?hl=en\"]}]}<\/script>\n<!-- \/ Yoast SEO plugin. -->","yoast_head_json":{"title":"Teslimat Bilgileri - Whatsapp Onay - SMS Onay","robots":{"index":"index","follow":"follow","max-snippet":"max-snippet:-1","max-image-preview":"max-image-preview:large","max-video-preview":"max-video-preview:-1"},"canonical":"https:\/\/whatsapponay.com\/sosyal\/teslimat-bilgileri\/","og_locale":"tr_TR","og_type":"article","og_title":"Teslimat Bilgileri - Whatsapp Onay - SMS Onay","og_description":"Kredi kart\u0131 ile vermi\u015f oldu\u011funuz sipari\u015fleriniz banka taraf\u0131ndan kredi kart\u0131 \u00f6demesi onay bilgisi al\u0131nmas\u0131n\u0131 takip eden, banka havalesi ile vermi\u015f oldu\u011funuz sipari\u015fleriniz ise, \u00f6demenin hesab\u0131m\u0131za ge\u00e7mesi ile kesinle\u015fmi\u015f olup, en ge\u00e7 3 i\u015f g\u00fcn\u00fc i\u00e7erisinde kargoya verilir. Kargoya verilen \u00fcr\u00fcnlerin teslimat s\u00fcresi mesafeye ba\u011fl\u0131 olarak 1 ila 3 i\u015f g\u00fcn\u00fc i\u00e7erisinde de\u011fi\u015fmektedir. Sipari\u015finizdeki \u00fcr\u00fcn\/\u00fcr\u00fcnlerin tedarik s\u00fcresinin uzamas\u0131 yada tedarik edilememesi durumunda size tedarik zaman\u0131 konusunda bilgi verilecektir. Tedari\u011finde problem \u00e7\u0131kan \u00fcr\u00fcnlerde; \u00f6demenin iade edilmesi isteyebilir yada \u00fcr\u00fcn\u00fcn tedarik edilmesi i\u00e7in bekleyebilirsiniz. Cuma g\u00fcnleri saat 16:00\u2032 dan sonra verilen sipari\u015fleriniz, \u00f6deme bilgisinin onay\u0131n\u0131 takip eden pazartesi g\u00fcn\u00fc verilmi\u015f kabul edilir. Resmi","og_url":"https:\/\/whatsapponay.com\/sosyal\/teslimat-bilgileri\/","og_site_name":"Whatsapp Onay - SMS Onay","twitter_card":"summary_large_image","twitter_misc":{"Tahmini okuma s\u00fcresi":"1 dakika"},"schema":{"@context":"https:\/\/schema.org","@graph":[{"@type":"WebPage","@id":"https:\/\/whatsapponay.com\/sosyal\/teslimat-bilgileri\/","url":"https:\/\/whatsapponay.com\/sosyal\/teslimat-bilgileri\/","name":"Teslimat Bilgileri - Whatsapp Onay - SMS Onay","isPartOf":{"@id":"https:\/\/whatsapponay.com\/sosyal\/#website"},"datePublished":"2025-11-03T12:48:32+00:00","breadcrumb":{"@id":"https:\/\/whatsapponay.com\/sosyal\/teslimat-bilgileri\/#breadcrumb"},"inLanguage":"tr","potentialAction":[{"@type":"ReadAction","target":["https:\/\/whatsapponay.com\/sosyal\/teslimat-bilgileri\/"]}]},{"@type":"BreadcrumbList","@id":"https:\/\/whatsapponay.com\/sosyal\/teslimat-bilgileri\/#breadcrumb","itemListElement":[{"@type":"ListItem","position":1,"name":"Anasayfa","item":"https:\/\/whatsapponay.com\/sosyal\/"},{"@type":"ListItem","position":2,"name":"Teslimat Bilgileri"}]},{"@type":"WebSite","@id":"https:\/\/whatsapponay.com\/sosyal\/#website","url":"https:\/\/whatsapponay.com\/sosyal\/","name":"Sosyal Medya Takip\u00e7i Be\u011feni \u0130zlenme","description":"Whatsapp Telegram SMS onay numara kirala.","publisher":{"@id":"https:\/\/whatsapponay.com\/sosyal\/#organization"},"potentialAction":[{"@type":"SearchAction","target":{"@type":"EntryPoint","urlTemplate":"https:\/\/whatsapponay.com\/sosyal\/?s={search_term_string}"},"query-input":{"@type":"PropertyValueSpecification","valueRequired":true,"valueName":"search_term_string"}}],"inLanguage":"tr"},{"@type":"Organization","@id":"https:\/\/whatsapponay.com\/sosyal\/#organization","name":"\u00d6z Bayi","url":"https:\/\/whatsapponay.com\/sosyal\/","logo":{"@type":"ImageObject","inLanguage":"tr","@id":"https:\/\/whatsapponay.com\/sosyal\/#\/schema\/logo\/image\/","url":"https:\/\/whatsapponay.com\/sosyal\/wp-content\/uploads\/2025\/09\/ozbayi-yazi-siyah-200x80-255598.png","contentUrl":"https:\/\/whatsapponay.com\/sosyal\/wp-content\/uploads\/2025\/09\/ozbayi-yazi-siyah-200x80-255598.png","width":200,"height":80,"caption":"\u00d6z Bayi"},"image":{"@id":"https:\/\/whatsapponay.com\/sosyal\/#\/schema\/logo\/image\/"},"sameAs":["https:\/\/www.instagram.com\/ozbayi.official\/?hl=en"]}]}},"_links":{"self":[{"href":"https:\/\/whatsapponay.com\/sosyal\/wp-json\/wp\/v2\/pages\/1047","targetHints":{"allow":["GET"]}}],"collection":[{"href":"https:\/\/whatsapponay.com\/sosyal\/wp-json\/wp\/v2\/pages"}],"about":[{"href":"https:\/\/whatsapponay.com\/sosyal\/wp-json\/wp\/v2\/types\/page"}],"author":[{"embeddable":true,"href":"https:\/\/whatsapponay.com\/sosyal\/wp-json\/wp\/v2\/users\/1"}],"replies":[{"embeddable":true,"href":"https:\/\/whatsapponay.com\/sosyal\/wp-json\/wp\/v2\/comments?post=1047"}],"version-history":[{"count":1,"href":"https:\/\/whatsapponay.com\/sosyal\/wp-json\/wp\/v2\/pages\/1047\/revisions"}],"predecessor-version":[{"id":1048,"href":"https:\/\/whatsapponay.com\/sosyal\/wp-json\/wp\/v2\/pages\/1047\/revisions\/1048"}],"wp:attachment":[{"href":"https:\/\/whatsapponay.com\/sosyal\/wp-json\/wp\/v2\/media?parent=1047"}],"curies":[{"name":"wp","href":"https:\/\/api.w.org\/{rel}","templated":true}]}}