{"id":1045,"date":"2025-11-03T12:47:45","date_gmt":"2025-11-03T12:47:45","guid":{"rendered":"https:\/\/whatsapponay.com\/sosyal\/?page_id=1045"},"modified":"2025-11-03T12:47:45","modified_gmt":"2025-11-03T12:47:45","slug":"iade-ve-degisim","status":"publish","type":"page","link":"https:\/\/whatsapponay.com\/sosyal\/iade-ve-degisim\/","title":{"rendered":"\u0130ade Ve De\u011fi\u015fim"},"content":{"rendered":"<p>Sipari\u015f \u0130ptali<\/p>\n<p>Yeni verdi\u011finiz sipari\u015flerin iptal i\u015flemini yapabilmeniz i\u00e7in sipari\u015finizin kargoya \u00e7\u0131kmam\u0131\u015f olmam\u0131\u015f gerekmektedir.<\/p>\n<p>whatsapponay.com\u2019dan verdi\u011finiz sipari\u015finizi iptal etmek istedi\u011finizde M\u00fc\u015fteri Hizmetlerimize iptal sebebinizi belirterek (Yanl\u0131\u015f sipari\u015f ge\u00e7ilmesi, \u00fcr\u00fcn veya \u00f6deme tipi de\u011fi\u015fikli\u011fi vb. gibi) mail (info@whatsapponay.com) g\u00f6ndermeniz durumunda, i\u015fleminiz taraf\u0131m\u0131zca ger\u00e7ekle\u015ftirilecektir.<\/p>\n<p>Elinize ula\u015fan, teslim ald\u0131\u011f\u0131n\u0131z sipari\u015flerinizi iptal etmek i\u00e7in l\u00fctfen info@papaganoyuncagi.com adresine iptal nedeni ile ile birlikte mail at\u0131n iade \u015fartlar\u0131m\u0131za uygunlu\u011fu onayland\u0131\u011f\u0131nda ,iptal nedeni belirti\u011finiz yaz\u0131 ile \u00fcr\u00fcn\u00fc g\u00f6nderebilirsiniz.<\/p>\n<p><strong>Bir \u00fcr\u00fcn tesliminde \u00f6ncelikle sat\u0131n ald\u0131\u011f\u0131n\u0131z mal\u0131 kargo \u00e7al\u0131\u015fan\u0131 yan\u0131n\u0131zdayken kontrol etmeli, e\u011fer herhangi bir sorun yoksa gerekli belgeleri imzalamal\u0131s\u0131n\u0131z. \u00dcr\u00fcn \u00fczerinde hasar, eksik\u00a0 \u00fcr\u00fcn, veya herhangi bir ba\u015fka sorun tespit ettiyseniz kargo g\u00f6revlisinin \u201cHasar Tespit Tutana\u011f\u0131\u201d i\u015flemini yapmas\u0131n\u0131 istemelisiniz.\u00a0<\/strong><\/p>\n<p><strong>\u0130ade \u00fcr\u00fcnlerde d\u00f6n\u00fc\u015f kargo \u00fccreti al\u0131c\u0131ya aittir.<\/strong><\/p>\n<p>\u00d6deme \u0130adesi<\/p>\n<p>\u0130ptal\/\u0130ade etti\u011finiz sipari\u015flerinizin; iadesi onayland\u0131ktan sonra 10 i\u015f g\u00fcn\u00fc i\u00e7erisinde para iadesi yap\u0131lmaktad\u0131r. Sipari\u015finizin t\u00fcm\u00fcn\u00fc veya sipari\u015f i\u00e7eri\u011finizdeki \u00fcr\u00fcnlerin baz\u0131lar\u0131 iptal edebilirsiniz; Bu durumda iptal etti\u011finiz \u00fcr\u00fcnlerin iadesi k\u0131smi olarak yap\u0131labilmekte veya tercih etmeniz durumunda hediye \u00e7eki olu\u015fturularak geri iade edilmektedir.<\/p>\n<p>Kredi kart\u0131yla verilen sipari\u015flerde; kart\u0131n\u0131zdan \u00e7ekilen tutar iptal edilmekte ve aynen geri iade olmaktad\u0131r. Havale ve kap\u0131da \u00f6deme ile vermi\u015f oldu\u011funuz sipari\u015flerinizin iadesi belirtece\u011finiz banka hesap bilgilerine g\u00f6re iade edilecektir.<\/p>\n<p>Al\u0131\u015fveri\u015fle \u0130lgili Genel Konular<\/p>\n<p>Sitemizde sat\u0131\u015fa sunulan \u00fcr\u00fcnlerin fiyat g\u00fcncellemelerinde olu\u015fabilecek yanl\u0131\u015fl\u0131klarda, whatsapponay sat\u0131\u015fdan vazge\u00e7me hakk\u0131n\u0131 gizli tutar.<\/p>\n<p>whatsapponay stok tutmad\u0131\u011f\u0131 \u00fcr\u00fcnlerin temin edilememesi durumunda, sat\u0131\u015ftan vazge\u00e7me hakk\u0131n\u0131 gizli tutar. Bu durumun, sepetteki baz\u0131 \u00fcr\u00fcnler i\u00e7in ortaya \u00e7\u0131kmas\u0131 halinde; m\u00fc\u015fteriden hesap bilgileri e-posta ile al\u0131narak, bilgilerin gelmesini takip eden 7 i\u015fg\u00fcn\u00fc i\u00e7erisinde olu\u015fan fark iade edilir. Banka i\u015flemlerinden do\u011fabilecek gecikmeden dolay\u0131 whatsapponay sorumlu tutulamaz. M\u00fc\u015fterinin, sipari\u015fin tamam\u0131ndan vazge\u00e7me hakk\u0131 da sakl\u0131 tutulur.<\/p>\n<p>\u00dcr\u00fcn \u0130adesi<\/p>\n<p>\u00dcr\u00fcn \u0130ade \u015eartlar\u0131<\/p>\n<p>T\u00fcketici s\u00f6zle\u015fme konusu \u00fcr\u00fcn\u00fcn kendisine veya g\u00f6sterdi\u011fi adresteki ki\u015fiye teslimden itibaren 7 g\u00fcn i\u00e7erisinde iade etme hakk\u0131na sahiptir. Firmam\u0131z taraf\u0131ndan \u00fcr\u00fcn\u00fcn iade edilebilmesi i\u00e7in \u00fcr\u00fcn ambalaj\u0131n\u0131n ve kutu muhteviyat\u0131n\u0131n zarar g\u00f6rmemi\u015f olmas\u0131, \u00fcr\u00fcn\u00fcn yeni olarak tekrar sat\u0131labilir bir durumda olmas\u0131 \u015fartt\u0131r. Kargo teslim fi\u015finin ve sat\u0131\u015f faturas\u0131n\u0131n asl\u0131n\u0131n ve kargo paketi \u00fczerinde bulunan 2. n\u00fcshas\u0131n\u0131n iadesi zorunludur. Bu belgelerin taraf\u0131m\u0131za ula\u015fmas\u0131n\u0131 takip eden 7 g\u00fcn i\u00e7inde \u00fcr\u00fcn bedelinin m\u00fc\u015fterinin kredi kart\u0131na iade edilmesi i\u00e7in papaganoyuncagi.com giri\u015fimde bulunur. \u00dcr\u00fcn bedelinin iadesinde banka tarafindan olacak aksakl\u0131klardan papaganoyuncagi.com sorumlu de\u011fildir. \u00dcr\u00fcn\u00fcn ambalaj\u0131n\u0131n a\u00e7\u0131lmam\u0131\u015f, bozulmam\u0131\u015f ve \u00fcr\u00fcn\u00fcn kullan\u0131lmam\u0131\u015f olmas\u0131 \u015fart\u0131na ba\u011fl\u0131d\u0131r.<\/p>\n","protected":false},"excerpt":{"rendered":"<p>Sipari\u015f \u0130ptali Yeni verdi\u011finiz sipari\u015flerin iptal i\u015flemini yapabilmeniz i\u00e7in sipari\u015finizin kargoya \u00e7\u0131kmam\u0131\u015f olmam\u0131\u015f gerekmektedir. whatsapponay.com\u2019dan verdi\u011finiz sipari\u015finizi iptal etmek istedi\u011finizde M\u00fc\u015fteri Hizmetlerimize iptal sebebinizi belirterek (Yanl\u0131\u015f sipari\u015f ge\u00e7ilmesi, \u00fcr\u00fcn veya \u00f6deme tipi de\u011fi\u015fikli\u011fi vb. gibi) mail (info@whatsapponay.com) g\u00f6ndermeniz durumunda, i\u015fleminiz taraf\u0131m\u0131zca ger\u00e7ekle\u015ftirilecektir. Elinize ula\u015fan, teslim ald\u0131\u011f\u0131n\u0131z sipari\u015flerinizi iptal etmek i\u00e7in l\u00fctfen info@papaganoyuncagi.com adresine iptal nedeni ile ile birlikte mail at\u0131n iade \u015fartlar\u0131m\u0131za uygunlu\u011fu onayland\u0131\u011f\u0131nda ,iptal nedeni belirti\u011finiz yaz\u0131 ile \u00fcr\u00fcn\u00fc g\u00f6nderebilirsiniz. Bir \u00fcr\u00fcn tesliminde \u00f6ncelikle sat\u0131n ald\u0131\u011f\u0131n\u0131z mal\u0131 kargo \u00e7al\u0131\u015fan\u0131 yan\u0131n\u0131zdayken kontrol etmeli, e\u011fer herhangi bir sorun yoksa gerekli belgeleri imzalamal\u0131s\u0131n\u0131z. \u00dcr\u00fcn \u00fczerinde hasar, eksik\u00a0 \u00fcr\u00fcn, veya herhangi bir ba\u015fka <\/p>\n","protected":false},"author":1,"featured_media":0,"parent":0,"menu_order":0,"comment_status":"closed","ping_status":"closed","template":"","meta":{"footnotes":""},"class_list":["post-1045","page","type-page","status-publish","hentry"],"yoast_head":"<!-- This site is optimized with the Yoast SEO plugin v26.0 - https:\/\/yoast.com\/wordpress\/plugins\/seo\/ -->\n<title>\u0130ade Ve De\u011fi\u015fim - Whatsapp Onay - SMS Onay<\/title>\n<meta name=\"robots\" content=\"index, follow, max-snippet:-1, max-image-preview:large, max-video-preview:-1\" \/>\n<link rel=\"canonical\" href=\"https:\/\/whatsapponay.com\/sosyal\/iade-ve-degisim\/\" \/>\n<meta property=\"og:locale\" content=\"tr_TR\" \/>\n<meta property=\"og:type\" content=\"article\" \/>\n<meta property=\"og:title\" content=\"\u0130ade Ve De\u011fi\u015fim - Whatsapp Onay - SMS Onay\" \/>\n<meta property=\"og:description\" content=\"Sipari\u015f \u0130ptali Yeni verdi\u011finiz sipari\u015flerin iptal i\u015flemini yapabilmeniz i\u00e7in sipari\u015finizin kargoya \u00e7\u0131kmam\u0131\u015f olmam\u0131\u015f gerekmektedir. whatsapponay.com\u2019dan verdi\u011finiz sipari\u015finizi iptal etmek istedi\u011finizde M\u00fc\u015fteri Hizmetlerimize iptal sebebinizi belirterek (Yanl\u0131\u015f sipari\u015f ge\u00e7ilmesi, \u00fcr\u00fcn veya \u00f6deme tipi de\u011fi\u015fikli\u011fi vb. gibi) mail (info@whatsapponay.com) g\u00f6ndermeniz durumunda, i\u015fleminiz taraf\u0131m\u0131zca ger\u00e7ekle\u015ftirilecektir. Elinize ula\u015fan, teslim ald\u0131\u011f\u0131n\u0131z sipari\u015flerinizi iptal etmek i\u00e7in l\u00fctfen info@papaganoyuncagi.com adresine iptal nedeni ile ile birlikte mail at\u0131n iade \u015fartlar\u0131m\u0131za uygunlu\u011fu onayland\u0131\u011f\u0131nda ,iptal nedeni belirti\u011finiz yaz\u0131 ile \u00fcr\u00fcn\u00fc g\u00f6nderebilirsiniz. Bir \u00fcr\u00fcn tesliminde \u00f6ncelikle sat\u0131n ald\u0131\u011f\u0131n\u0131z mal\u0131 kargo \u00e7al\u0131\u015fan\u0131 yan\u0131n\u0131zdayken kontrol etmeli, e\u011fer herhangi bir sorun yoksa gerekli belgeleri imzalamal\u0131s\u0131n\u0131z. \u00dcr\u00fcn \u00fczerinde hasar, eksik\u00a0 \u00fcr\u00fcn, veya herhangi bir ba\u015fka\" \/>\n<meta property=\"og:url\" content=\"https:\/\/whatsapponay.com\/sosyal\/iade-ve-degisim\/\" \/>\n<meta property=\"og:site_name\" content=\"Whatsapp Onay - SMS Onay\" \/>\n<meta name=\"twitter:card\" content=\"summary_large_image\" \/>\n<meta name=\"twitter:label1\" content=\"Tahmini okuma s\u00fcresi\" \/>\n\t<meta name=\"twitter:data1\" content=\"3 dakika\" \/>\n<script type=\"application\/ld+json\" class=\"yoast-schema-graph\">{\"@context\":\"https:\/\/schema.org\",\"@graph\":[{\"@type\":\"WebPage\",\"@id\":\"https:\/\/whatsapponay.com\/sosyal\/iade-ve-degisim\/\",\"url\":\"https:\/\/whatsapponay.com\/sosyal\/iade-ve-degisim\/\",\"name\":\"\u0130ade Ve De\u011fi\u015fim - Whatsapp Onay - SMS Onay\",\"isPartOf\":{\"@id\":\"https:\/\/whatsapponay.com\/sosyal\/#website\"},\"datePublished\":\"2025-11-03T12:47:45+00:00\",\"breadcrumb\":{\"@id\":\"https:\/\/whatsapponay.com\/sosyal\/iade-ve-degisim\/#breadcrumb\"},\"inLanguage\":\"tr\",\"potentialAction\":[{\"@type\":\"ReadAction\",\"target\":[\"https:\/\/whatsapponay.com\/sosyal\/iade-ve-degisim\/\"]}]},{\"@type\":\"BreadcrumbList\",\"@id\":\"https:\/\/whatsapponay.com\/sosyal\/iade-ve-degisim\/#breadcrumb\",\"itemListElement\":[{\"@type\":\"ListItem\",\"position\":1,\"name\":\"Anasayfa\",\"item\":\"https:\/\/whatsapponay.com\/sosyal\/\"},{\"@type\":\"ListItem\",\"position\":2,\"name\":\"\u0130ade Ve De\u011fi\u015fim\"}]},{\"@type\":\"WebSite\",\"@id\":\"https:\/\/whatsapponay.com\/sosyal\/#website\",\"url\":\"https:\/\/whatsapponay.com\/sosyal\/\",\"name\":\"Sosyal Medya Takip\u00e7i Be\u011feni \u0130zlenme\",\"description\":\"Whatsapp Telegram SMS onay numara kirala.\",\"publisher\":{\"@id\":\"https:\/\/whatsapponay.com\/sosyal\/#organization\"},\"potentialAction\":[{\"@type\":\"SearchAction\",\"target\":{\"@type\":\"EntryPoint\",\"urlTemplate\":\"https:\/\/whatsapponay.com\/sosyal\/?s={search_term_string}\"},\"query-input\":{\"@type\":\"PropertyValueSpecification\",\"valueRequired\":true,\"valueName\":\"search_term_string\"}}],\"inLanguage\":\"tr\"},{\"@type\":\"Organization\",\"@id\":\"https:\/\/whatsapponay.com\/sosyal\/#organization\",\"name\":\"\u00d6z Bayi\",\"url\":\"https:\/\/whatsapponay.com\/sosyal\/\",\"logo\":{\"@type\":\"ImageObject\",\"inLanguage\":\"tr\",\"@id\":\"https:\/\/whatsapponay.com\/sosyal\/#\/schema\/logo\/image\/\",\"url\":\"https:\/\/whatsapponay.com\/sosyal\/wp-content\/uploads\/2025\/09\/ozbayi-yazi-siyah-200x80-255598.png\",\"contentUrl\":\"https:\/\/whatsapponay.com\/sosyal\/wp-content\/uploads\/2025\/09\/ozbayi-yazi-siyah-200x80-255598.png\",\"width\":200,\"height\":80,\"caption\":\"\u00d6z Bayi\"},\"image\":{\"@id\":\"https:\/\/whatsapponay.com\/sosyal\/#\/schema\/logo\/image\/\"},\"sameAs\":[\"https:\/\/www.instagram.com\/ozbayi.official\/?hl=en\"]}]}<\/script>\n<!-- \/ Yoast SEO plugin. -->","yoast_head_json":{"title":"\u0130ade Ve De\u011fi\u015fim - Whatsapp Onay - SMS Onay","robots":{"index":"index","follow":"follow","max-snippet":"max-snippet:-1","max-image-preview":"max-image-preview:large","max-video-preview":"max-video-preview:-1"},"canonical":"https:\/\/whatsapponay.com\/sosyal\/iade-ve-degisim\/","og_locale":"tr_TR","og_type":"article","og_title":"\u0130ade Ve De\u011fi\u015fim - Whatsapp Onay - SMS Onay","og_description":"Sipari\u015f \u0130ptali Yeni verdi\u011finiz sipari\u015flerin iptal i\u015flemini yapabilmeniz i\u00e7in sipari\u015finizin kargoya \u00e7\u0131kmam\u0131\u015f olmam\u0131\u015f gerekmektedir. whatsapponay.com\u2019dan verdi\u011finiz sipari\u015finizi iptal etmek istedi\u011finizde M\u00fc\u015fteri Hizmetlerimize iptal sebebinizi belirterek (Yanl\u0131\u015f sipari\u015f ge\u00e7ilmesi, \u00fcr\u00fcn veya \u00f6deme tipi de\u011fi\u015fikli\u011fi vb. gibi) mail (info@whatsapponay.com) g\u00f6ndermeniz durumunda, i\u015fleminiz taraf\u0131m\u0131zca ger\u00e7ekle\u015ftirilecektir. Elinize ula\u015fan, teslim ald\u0131\u011f\u0131n\u0131z sipari\u015flerinizi iptal etmek i\u00e7in l\u00fctfen info@papaganoyuncagi.com adresine iptal nedeni ile ile birlikte mail at\u0131n iade \u015fartlar\u0131m\u0131za uygunlu\u011fu onayland\u0131\u011f\u0131nda ,iptal nedeni belirti\u011finiz yaz\u0131 ile \u00fcr\u00fcn\u00fc g\u00f6nderebilirsiniz. Bir \u00fcr\u00fcn tesliminde \u00f6ncelikle sat\u0131n ald\u0131\u011f\u0131n\u0131z mal\u0131 kargo \u00e7al\u0131\u015fan\u0131 yan\u0131n\u0131zdayken kontrol etmeli, e\u011fer herhangi bir sorun yoksa gerekli belgeleri imzalamal\u0131s\u0131n\u0131z. \u00dcr\u00fcn \u00fczerinde hasar, eksik\u00a0 \u00fcr\u00fcn, veya herhangi bir ba\u015fka","og_url":"https:\/\/whatsapponay.com\/sosyal\/iade-ve-degisim\/","og_site_name":"Whatsapp Onay - SMS Onay","twitter_card":"summary_large_image","twitter_misc":{"Tahmini okuma s\u00fcresi":"3 dakika"},"schema":{"@context":"https:\/\/schema.org","@graph":[{"@type":"WebPage","@id":"https:\/\/whatsapponay.com\/sosyal\/iade-ve-degisim\/","url":"https:\/\/whatsapponay.com\/sosyal\/iade-ve-degisim\/","name":"\u0130ade Ve De\u011fi\u015fim - Whatsapp Onay - SMS Onay","isPartOf":{"@id":"https:\/\/whatsapponay.com\/sosyal\/#website"},"datePublished":"2025-11-03T12:47:45+00:00","breadcrumb":{"@id":"https:\/\/whatsapponay.com\/sosyal\/iade-ve-degisim\/#breadcrumb"},"inLanguage":"tr","potentialAction":[{"@type":"ReadAction","target":["https:\/\/whatsapponay.com\/sosyal\/iade-ve-degisim\/"]}]},{"@type":"BreadcrumbList","@id":"https:\/\/whatsapponay.com\/sosyal\/iade-ve-degisim\/#breadcrumb","itemListElement":[{"@type":"ListItem","position":1,"name":"Anasayfa","item":"https:\/\/whatsapponay.com\/sosyal\/"},{"@type":"ListItem","position":2,"name":"\u0130ade Ve De\u011fi\u015fim"}]},{"@type":"WebSite","@id":"https:\/\/whatsapponay.com\/sosyal\/#website","url":"https:\/\/whatsapponay.com\/sosyal\/","name":"Sosyal Medya Takip\u00e7i Be\u011feni \u0130zlenme","description":"Whatsapp Telegram SMS onay numara kirala.","publisher":{"@id":"https:\/\/whatsapponay.com\/sosyal\/#organization"},"potentialAction":[{"@type":"SearchAction","target":{"@type":"EntryPoint","urlTemplate":"https:\/\/whatsapponay.com\/sosyal\/?s={search_term_string}"},"query-input":{"@type":"PropertyValueSpecification","valueRequired":true,"valueName":"search_term_string"}}],"inLanguage":"tr"},{"@type":"Organization","@id":"https:\/\/whatsapponay.com\/sosyal\/#organization","name":"\u00d6z Bayi","url":"https:\/\/whatsapponay.com\/sosyal\/","logo":{"@type":"ImageObject","inLanguage":"tr","@id":"https:\/\/whatsapponay.com\/sosyal\/#\/schema\/logo\/image\/","url":"https:\/\/whatsapponay.com\/sosyal\/wp-content\/uploads\/2025\/09\/ozbayi-yazi-siyah-200x80-255598.png","contentUrl":"https:\/\/whatsapponay.com\/sosyal\/wp-content\/uploads\/2025\/09\/ozbayi-yazi-siyah-200x80-255598.png","width":200,"height":80,"caption":"\u00d6z Bayi"},"image":{"@id":"https:\/\/whatsapponay.com\/sosyal\/#\/schema\/logo\/image\/"},"sameAs":["https:\/\/www.instagram.com\/ozbayi.official\/?hl=en"]}]}},"_links":{"self":[{"href":"https:\/\/whatsapponay.com\/sosyal\/wp-json\/wp\/v2\/pages\/1045","targetHints":{"allow":["GET"]}}],"collection":[{"href":"https:\/\/whatsapponay.com\/sosyal\/wp-json\/wp\/v2\/pages"}],"about":[{"href":"https:\/\/whatsapponay.com\/sosyal\/wp-json\/wp\/v2\/types\/page"}],"author":[{"embeddable":true,"href":"https:\/\/whatsapponay.com\/sosyal\/wp-json\/wp\/v2\/users\/1"}],"replies":[{"embeddable":true,"href":"https:\/\/whatsapponay.com\/sosyal\/wp-json\/wp\/v2\/comments?post=1045"}],"version-history":[{"count":1,"href":"https:\/\/whatsapponay.com\/sosyal\/wp-json\/wp\/v2\/pages\/1045\/revisions"}],"predecessor-version":[{"id":1046,"href":"https:\/\/whatsapponay.com\/sosyal\/wp-json\/wp\/v2\/pages\/1045\/revisions\/1046"}],"wp:attachment":[{"href":"https:\/\/whatsapponay.com\/sosyal\/wp-json\/wp\/v2\/media?parent=1045"}],"curies":[{"name":"wp","href":"https:\/\/api.w.org\/{rel}","templated":true}]}}